{"id":6347,"date":"2025-08-05T18:41:15","date_gmt":"2025-08-05T18:41:15","guid":{"rendered":"https:\/\/gcia.cl\/?page_id=6347"},"modified":"2025-08-05T19:16:40","modified_gmt":"2025-08-05T19:16:40","slug":"politicas-de-privacidad","status":"publish","type":"page","link":"https:\/\/gcia.cl\/en\/politicas-de-privacidad\/","title":{"rendered":"Pol\u00edticas de Privacidad"},"content":{"rendered":"<div data-elementor-type=\"wp-page\" data-elementor-id=\"6347\" class=\"elementor elementor-6347\" data-elementor-post-type=\"page\">\n\t\t\t\t<div class=\"elementor-element elementor-element-5d951478 e-con-full e-flex e-con e-parent\" data-id=\"5d951478\" data-element_type=\"container\" data-settings=\"{&quot;background_background&quot;:&quot;gradient&quot;}\">\n\t\t<div class=\"elementor-element elementor-element-1e86515f e-flex e-con-boxed e-con e-child\" data-id=\"1e86515f\" data-element_type=\"container\">\n\t\t\t\t\t<div class=\"e-con-inner\">\n\t\t<div class=\"elementor-element elementor-element-481b9a4 e-con-full e-flex e-con e-child\" data-id=\"481b9a4\" data-element_type=\"container\">\n\t\t\t\t<div class=\"elementor-element elementor-element-554bfe6 elementor-widget elementor-widget-heading\" data-id=\"554bfe6\" data-element_type=\"widget\" data-widget_type=\"heading.default\">\n\t\t\t\t\t<h1 class=\"elementor-heading-title elementor-size-default\">Tu \u00e9xito tecnol\u00f3gico empieza con <b>CF Ingenieros<\/b><\/h1>\t\t\t\t<\/div>\n\t\t\t\t<\/div>\n\t\t\t\t\t<\/div>\n\t\t\t\t<\/div>\n\t\t\t\t<\/div>\n\t\t<div class=\"elementor-element elementor-element-1e1b406d e-flex e-con-boxed e-con e-parent\" data-id=\"1e1b406d\" data-element_type=\"container\" data-settings=\"{&quot;background_background&quot;:&quot;classic&quot;}\">\n\t\t\t\t\t<div class=\"e-con-inner\">\n\t\t<div class=\"elementor-element elementor-element-29760427 e-flex e-con-boxed e-con e-child\" data-id=\"29760427\" data-element_type=\"container\">\n\t\t\t\t\t<div class=\"e-con-inner\">\n\t\t\t\t<div class=\"elementor-element elementor-element-e6d9ac7 elementor-widget elementor-widget-heading\" data-id=\"e6d9ac7\" data-element_type=\"widget\" data-widget_type=\"heading.default\">\n\t\t\t\t\t<h2 class=\"elementor-heading-title elementor-size-default\">Pol\u00edticas de <strong><span class=\"color-blue\">Privacidad<\/span> <\/strong><\/h2>\t\t\t\t<\/div>\n\t\t\t\t<div class=\"elementor-element elementor-element-ee1eb0a elementor-widget elementor-widget-text-editor\" data-id=\"ee1eb0a\" data-element_type=\"widget\" data-widget_type=\"text-editor.default\">\n\t\t\t\t\t\t\t\t\t<p>El sitio web https:\/\/cfingenieros.cl\/ es propiedad de cfingenieros, quien es responsable del tratamiento de sus datos personales.<\/p><p>Hemos adoptado esta Pol\u00edtica de Privacidad, que determina c\u00f3mo estamos procesando la informaci\u00f3n recopilada por https:\/\/cfingenieros.cl\/, que tambi\u00e9n proporciona las razones por las cuales debemos recopilar ciertos datos personales sobre usted. Por lo tanto, debe leer esta Pol\u00edtica de Privacidad antes de utilizar el sitio web https:\/\/cfingenieros.cl\/.<\/p><p>Cuidamos sus datos personales y nos comprometemos a garantizar su confidencialidad y seguridad.<br \/>Informaci\u00f3n personal que recopilamos:<\/p><p>Cuando visita https:\/\/cfingenieros.cl\/, recopilamos autom\u00e1ticamente cierta informaci\u00f3n sobre su dispositivo, incluida informaci\u00f3n sobre su navegador web, direcci\u00f3n IP, zona horaria y algunas de las cookies instaladas en su dispositivo. Adem\u00e1s, a medida que navega por el Sitio, recopilamos informaci\u00f3n sobre las p\u00e1ginas web individuales o los productos que ve, qu\u00e9 sitios web o t\u00e9rminos de b\u00fasqueda lo refirieron al Sitio y c\u00f3mo interact\u00faa con el Sitio. Nos referimos a esta informaci\u00f3n recopilada autom\u00e1ticamente como \u201cInformaci\u00f3n del dispositivo\u201d. Adem\u00e1s, podemos recopilar los datos personales que nos proporciona (incluidos, entre otros, Nombre, Apellido, Direcci\u00f3n, informaci\u00f3n de pago, etc.) durante el registro para poder cumplir con el acuerdo.<br \/>\u00bfPor qu\u00e9 tratamos sus datos?<\/p><p>Nuestra principal prioridad es la seguridad de los datos del cliente y, como tal, podemos procesar solo los datos m\u00ednimos del usuario, solo en la medida en que sea absolutamente necesario para mantener el sitio web. La informaci\u00f3n recopilada autom\u00e1ticamente se usa solo para identificar posibles casos de abuso y establecer informaci\u00f3n estad\u00edstica sobre el uso del sitio web. Esta informaci\u00f3n estad\u00edstica no se agrega de otra manera de tal manera que identifique a cualquier usuario particular del sistema.<\/p><p>Puede visitar el sitio web sin decirnos qui\u00e9n es ni revelar ninguna informaci\u00f3n mediante la cual alguien pueda identificarlo como una persona espec\u00edfica e identificable. Sin embargo, si desea utilizar algunas de las funciones del sitio web, o desea recibir nuestro bolet\u00edn informativo o proporcionar otros detalles completando un formulario, puede proporcionarnos datos personales, como su correo electr\u00f3nico, nombre, apellido, ciudad de residencia, organizaci\u00f3n, n\u00famero de tel\u00e9fono. Puede optar por no proporcionarnos sus datos personales, pero es posible que no pueda aprovechar algunas de las funciones del sitio web. Por ejemplo, no podr\u00e1 recibir nuestro bolet\u00edn o contactarnos directamente desde el sitio web. Los usuarios que no est\u00e9n seguros de qu\u00e9 informaci\u00f3n es obligatoria pueden contactarnos a trav\u00e9s de contacto@cfingenieros.cl.<br \/>Tus derechos:<\/p><p>Si es residente europeo, tiene los siguientes derechos relacionados con sus datos personales:<\/p><p>El derecho a ser informado.<br \/>El derecho de acceso.<br \/>El derecho a la rectificaci\u00f3n.<br \/>El derecho de supresi\u00f3n.<br \/>El derecho a restringir el procesamiento.<br \/>El derecho a la portabilidad de los datos.<br \/>El derecho a oponerse.<br \/>Derechos en relaci\u00f3n con la toma de decisiones automatizada y elaboraci\u00f3n de perfiles.<\/p><p>Si desea ejercer este derecho, comun\u00edquese con nosotros a trav\u00e9s de la informaci\u00f3n de contacto a continuaci\u00f3n.<\/p><p>Adem\u00e1s, si es residente europeo, notamos que estamos procesando su informaci\u00f3n para cumplir con los contratos que podamos tener con usted (por ejemplo, si realiza un pedido a trav\u00e9s del Sitio), o para perseguir nuestros intereses comerciales leg\u00edtimos enumerados sobre. Adem\u00e1s, tenga en cuenta que su informaci\u00f3n puede transferirse fuera de Europa, incluidos Canad\u00e1 y los Estados Unidos.<br \/>Enlaces a otros sitios web:<\/p><p>Nuestro sitio web puede contener enlaces a otros sitios web que no son de nuestra propiedad ni est\u00e1n controlados por nosotros. Tenga en cuenta que no somos responsables de dichos otros sitios web ni de las pr\u00e1cticas de privacidad de terceros. Lo alentamos a que tenga cuidado cuando abandone nuestro sitio web y lea las declaraciones de privacidad de cada sitio web que pueda recopilar informaci\u00f3n personal.<br \/>Seguridad de informaci\u00f3n:<\/p><p>Protegemos la informaci\u00f3n que proporciona en servidores inform\u00e1ticos en un entorno controlado y seguro, protegido contra el acceso, uso o divulgaci\u00f3n no autorizados. Mantenemos medidas de seguridad administrativas, t\u00e9cnicas y f\u00edsicas razonables para proteger contra el acceso, uso, modificaci\u00f3n y divulgaci\u00f3n de datos personales no autorizados bajo su control y custodia. Sin embargo, no se puede garantizar la transmisi\u00f3n de datos a trav\u00e9s de Internet o de una red inal\u00e1mbrica.<br \/>Divulgaci\u00f3n jur\u00eddica:<\/p><p>Divulgaremos cualquier informaci\u00f3n que recopilemos, usemos o recibamos si as\u00ed lo requiere o lo permite la ley, como para cumplir con una citaci\u00f3n o un proceso legal similar, y cuando creamos de buena fe que la divulgaci\u00f3n es necesaria para proteger nuestros derechos, proteger su seguridad o la seguridad de otros, investigar fraudes o responder a una solicitud del gobierno.<br \/>Informaci\u00f3n del contacto:<\/p><p>Si desea comunicarse con nosotros para comprender m\u00e1s acerca de esta Pol\u00edtica o desea comunicarse con nosotros con respecto a cualquier asunto relacionado con los derechos individuales y su Informaci\u00f3n personal, puede enviar un correo electr\u00f3nico a contacto@cfingenieros.cl.<br \/>Publica tu sitio web o tienda en l\u00ednea por menos.<\/p>\t\t\t\t\t\t\t\t<\/div>\n\t\t\t\t\t<\/div>\n\t\t\t\t<\/div>\n\t\t\t\t\t<\/div>\n\t\t\t\t<\/div>\n\t\t\t\t<\/div>","protected":false},"excerpt":{"rendered":"<p>Tu \u00e9xito tecnol\u00f3gico empieza con CF Ingenieros Pol\u00edticas de Privacidad El sitio web https:\/\/cfingenieros.cl\/ es propiedad de cfingenieros, quien es responsable del tratamiento de sus datos personales. Hemos adoptado esta Pol\u00edtica de Privacidad, que determina c\u00f3mo estamos procesando la informaci\u00f3n recopilada por https:\/\/cfingenieros.cl\/, que tambi\u00e9n proporciona las razones por las cuales debemos recopilar ciertos datos [&hellip;]<\/p>","protected":false},"author":1,"featured_media":0,"parent":0,"menu_order":0,"comment_status":"closed","ping_status":"closed","template":"","meta":{"_acf_changed":false,"footnotes":""},"class_list":["post-6347","page","type-page","status-publish","hentry"],"acf":[],"yoast_head":"<!-- This site is optimized with the Yoast SEO plugin v25.1 - https:\/\/yoast.com\/wordpress\/plugins\/seo\/ -->\n<title>Pol\u00edticas de Privacidad - Estudio Guzman<\/title>\n<meta name=\"description\" content=\"En Sercomed los Servicios de Consultor\u00eda y Gesti\u00f3n est\u00e1n dise\u00f1ados para ayudar a mejorar sus operaciones y maximizar la satisfacci\u00f3n de sus clientes.\" \/>\n<meta name=\"robots\" content=\"index, follow, max-snippet:-1, max-image-preview:large, max-video-preview:-1\" \/>\n<link rel=\"canonical\" href=\"https:\/\/gcia.cl\/en\/politicas-de-privacidad\/\" \/>\n<meta property=\"og:locale\" content=\"en_US\" \/>\n<meta property=\"og:type\" content=\"article\" \/>\n<meta property=\"og:title\" content=\"Pol\u00edticas de Privacidad - Estudio Guzman\" \/>\n<meta property=\"og:description\" content=\"En Sercomed los Servicios de Consultor\u00eda y Gesti\u00f3n est\u00e1n dise\u00f1ados para ayudar a mejorar sus operaciones y maximizar la satisfacci\u00f3n de sus clientes.\" \/>\n<meta property=\"og:url\" content=\"https:\/\/gcia.cl\/en\/politicas-de-privacidad\/\" \/>\n<meta property=\"og:site_name\" content=\"Estudio Guzman\" \/>\n<meta property=\"article:modified_time\" content=\"2025-08-05T19:16:40+00:00\" \/>\n<meta name=\"twitter:card\" content=\"summary_large_image\" \/>\n<meta name=\"twitter:label1\" content=\"Est. reading time\" \/>\n\t<meta name=\"twitter:data1\" content=\"4 minutes\" \/>\n<script type=\"application\/ld+json\" class=\"yoast-schema-graph\">{\"@context\":\"https:\/\/schema.org\",\"@graph\":[{\"@type\":\"WebPage\",\"@id\":\"https:\/\/gcia.cl\/politicas-de-privacidad\/\",\"url\":\"https:\/\/gcia.cl\/politicas-de-privacidad\/\",\"name\":\"Pol\u00edticas de Privacidad - Estudio Guzman\",\"isPartOf\":{\"@id\":\"https:\/\/gcia.cl\/#website\"},\"datePublished\":\"2025-08-05T18:41:15+00:00\",\"dateModified\":\"2025-08-05T19:16:40+00:00\",\"description\":\"En Sercomed los Servicios de Consultor\u00eda y Gesti\u00f3n est\u00e1n dise\u00f1ados para ayudar a mejorar sus operaciones y maximizar la satisfacci\u00f3n de sus clientes.\",\"breadcrumb\":{\"@id\":\"https:\/\/gcia.cl\/politicas-de-privacidad\/#breadcrumb\"},\"inLanguage\":\"en-US\",\"potentialAction\":[{\"@type\":\"ReadAction\",\"target\":[\"https:\/\/gcia.cl\/politicas-de-privacidad\/\"]}]},{\"@type\":\"BreadcrumbList\",\"@id\":\"https:\/\/gcia.cl\/politicas-de-privacidad\/#breadcrumb\",\"itemListElement\":[{\"@type\":\"ListItem\",\"position\":1,\"name\":\"Portada\",\"item\":\"https:\/\/gcia.cl\/\"},{\"@type\":\"ListItem\",\"position\":2,\"name\":\"Pol\u00edticas de Privacidad\"}]},{\"@type\":\"WebSite\",\"@id\":\"https:\/\/gcia.cl\/#website\",\"url\":\"https:\/\/gcia.cl\/\",\"name\":\"Estudio Guzman\",\"description\":\"Asesor\u00eda legal de excelencia para decisiones estrat\u00e9gicas\",\"potentialAction\":[{\"@type\":\"SearchAction\",\"target\":{\"@type\":\"EntryPoint\",\"urlTemplate\":\"https:\/\/gcia.cl\/?s={search_term_string}\"},\"query-input\":{\"@type\":\"PropertyValueSpecification\",\"valueRequired\":true,\"valueName\":\"search_term_string\"}}],\"inLanguage\":\"en-US\"}]}<\/script>\n<!-- \/ Yoast SEO plugin. -->","yoast_head_json":{"title":"Pol\u00edticas de Privacidad - Estudio Guzman","description":"En Sercomed los Servicios de Consultor\u00eda y Gesti\u00f3n est\u00e1n dise\u00f1ados para ayudar a mejorar sus operaciones y maximizar la satisfacci\u00f3n de sus clientes.","robots":{"index":"index","follow":"follow","max-snippet":"max-snippet:-1","max-image-preview":"max-image-preview:large","max-video-preview":"max-video-preview:-1"},"canonical":"https:\/\/gcia.cl\/en\/politicas-de-privacidad\/","og_locale":"en_US","og_type":"article","og_title":"Pol\u00edticas de Privacidad - Estudio Guzman","og_description":"En Sercomed los Servicios de Consultor\u00eda y Gesti\u00f3n est\u00e1n dise\u00f1ados para ayudar a mejorar sus operaciones y maximizar la satisfacci\u00f3n de sus clientes.","og_url":"https:\/\/gcia.cl\/en\/politicas-de-privacidad\/","og_site_name":"Estudio Guzman","article_modified_time":"2025-08-05T19:16:40+00:00","twitter_card":"summary_large_image","twitter_misc":{"Est. reading time":"4 minutes"},"schema":{"@context":"https:\/\/schema.org","@graph":[{"@type":"WebPage","@id":"https:\/\/gcia.cl\/politicas-de-privacidad\/","url":"https:\/\/gcia.cl\/politicas-de-privacidad\/","name":"Pol\u00edticas de Privacidad - Estudio Guzman","isPartOf":{"@id":"https:\/\/gcia.cl\/#website"},"datePublished":"2025-08-05T18:41:15+00:00","dateModified":"2025-08-05T19:16:40+00:00","description":"En Sercomed los Servicios de Consultor\u00eda y Gesti\u00f3n est\u00e1n dise\u00f1ados para ayudar a mejorar sus operaciones y maximizar la satisfacci\u00f3n de sus clientes.","breadcrumb":{"@id":"https:\/\/gcia.cl\/politicas-de-privacidad\/#breadcrumb"},"inLanguage":"en-US","potentialAction":[{"@type":"ReadAction","target":["https:\/\/gcia.cl\/politicas-de-privacidad\/"]}]},{"@type":"BreadcrumbList","@id":"https:\/\/gcia.cl\/politicas-de-privacidad\/#breadcrumb","itemListElement":[{"@type":"ListItem","position":1,"name":"Portada","item":"https:\/\/gcia.cl\/"},{"@type":"ListItem","position":2,"name":"Pol\u00edticas de Privacidad"}]},{"@type":"WebSite","@id":"https:\/\/gcia.cl\/#website","url":"https:\/\/gcia.cl\/","name":"Estudio Guzman","description":"Asesor\u00eda legal de excelencia para decisiones estrat\u00e9gicas","potentialAction":[{"@type":"SearchAction","target":{"@type":"EntryPoint","urlTemplate":"https:\/\/gcia.cl\/?s={search_term_string}"},"query-input":{"@type":"PropertyValueSpecification","valueRequired":true,"valueName":"search_term_string"}}],"inLanguage":"en-US"}]}},"_links":{"self":[{"href":"https:\/\/gcia.cl\/en\/wp-json\/wp\/v2\/pages\/6347","targetHints":{"allow":["GET"]}}],"collection":[{"href":"https:\/\/gcia.cl\/en\/wp-json\/wp\/v2\/pages"}],"about":[{"href":"https:\/\/gcia.cl\/en\/wp-json\/wp\/v2\/types\/page"}],"author":[{"embeddable":true,"href":"https:\/\/gcia.cl\/en\/wp-json\/wp\/v2\/users\/1"}],"replies":[{"embeddable":true,"href":"https:\/\/gcia.cl\/en\/wp-json\/wp\/v2\/comments?post=6347"}],"version-history":[{"count":13,"href":"https:\/\/gcia.cl\/en\/wp-json\/wp\/v2\/pages\/6347\/revisions"}],"predecessor-version":[{"id":6395,"href":"https:\/\/gcia.cl\/en\/wp-json\/wp\/v2\/pages\/6347\/revisions\/6395"}],"wp:attachment":[{"href":"https:\/\/gcia.cl\/en\/wp-json\/wp\/v2\/media?parent=6347"}],"curies":[{"name":"wp","href":"https:\/\/api.w.org\/{rel}","templated":true}]}}