{"id":6976,"date":"2025-11-04T13:46:01","date_gmt":"2025-11-04T13:46:01","guid":{"rendered":"https:\/\/gcia.cl\/?page_id=6976"},"modified":"2026-01-06T17:21:55","modified_gmt":"2026-01-06T17:21:55","slug":"asesoria-internacional","status":"publish","type":"page","link":"https:\/\/gcia.cl\/en\/asesoria-internacional\/","title":{"rendered":"International Advisory"},"content":{"rendered":"<div data-elementor-type=\"wp-page\" data-elementor-id=\"6976\" class=\"elementor elementor-6976\" data-elementor-post-type=\"page\">\n\t\t\t\t<div class=\"elementor-element elementor-element-e3f2701 e-con-full e-flex e-con e-parent\" data-id=\"e3f2701\" data-element_type=\"container\" data-settings=\"{&quot;background_background&quot;:&quot;classic&quot;}\">\n\t\t<div class=\"elementor-element elementor-element-f52a8d8 e-flex e-con-boxed e-con e-child\" data-id=\"f52a8d8\" data-element_type=\"container\">\n\t\t\t\t\t<div class=\"e-con-inner\">\n\t\t\t\t<div class=\"elementor-element elementor-element-68bbee3 elementor-widget elementor-widget-page-title\" data-id=\"68bbee3\" data-element_type=\"widget\" data-widget_type=\"page-title.default\">\n\t\t\t\t<div class=\"elementor-widget-container\">\n\t\t\t\t\t\t\t\n\t\t<div class=\"hfe-page-title hfe-page-title-wrapper elementor-widget-heading\">\n\n\t\t\t\t\t\t\t\t\t\t\t<a href=\"https:\/\/gcia.cl\/en\/\">\n\t\t\t\t\t\t<h2 class=\"elementor-heading-title elementor-size-default\">\n\t\t\t\t\t\t\t\t\n\t\t\t\tInternational Advisory  \n\t\t\t<\/h2> \n\t\t\t\t\t\t\t\t\t<\/a>\n\t\t\t\t\t<\/div>\n\t\t\t\t\t\t<\/div>\n\t\t\t\t<\/div>\n\t\t<div class=\"elementor-element elementor-element-8851978 e-con-full e-flex e-con e-child\" data-id=\"8851978\" data-element_type=\"container\">\n\t\t<div class=\"elementor-element elementor-element-9039307 e-con-full e-flex e-con e-child\" data-id=\"9039307\" data-element_type=\"container\">\n\t\t\t\t<div class=\"elementor-element elementor-element-adedf37 elementor-widget elementor-widget-text-editor\" data-id=\"adedf37\" data-element_type=\"widget\" data-widget_type=\"text-editor.default\">\n\t\t\t\t\t\t\t\t\t<p>Con una visi\u00f3n global, Estudio Guzm\u00e1n asesora tanto a clientes chilenos en sus <strong>investments abroad<\/strong>, como a inversionistas extranjeros que quieren invertir y hacer negocios en Chile. dise\u00f1ando estructuras legales y tributarias que garantizan seguridad y eficiencia.<\/p><p><!--EndFragment --><\/p>\t\t\t\t\t\t\t\t<\/div>\n\t\t\t\t<\/div>\n\t\t<div class=\"elementor-element elementor-element-75445d6 e-con-full e-flex e-con e-child\" data-id=\"75445d6\" data-element_type=\"container\">\n\t\t\t\t<div class=\"elementor-element elementor-element-7879e08 elementor-align-left elementor-widget elementor-widget-button\" data-id=\"7879e08\" data-element_type=\"widget\" data-widget_type=\"button.default\">\n\t\t\t\t\t\t\t\t\t\t<a class=\"elementor-button elementor-button-link elementor-size-sm\" href=\"https:\/\/gcia.cl\/en\/contacto\/\">\n\t\t\t\t\t\t<span class=\"elementor-button-content-wrapper\">\n\t\t\t\t\t\t\t\t\t<span class=\"elementor-button-text\">Contact us<\/span>\n\t\t\t\t\t<\/span>\n\t\t\t\t\t<\/a>\n\t\t\t\t\t\t\t\t<\/div>\n\t\t\t\t<\/div>\n\t\t\t\t<\/div>\n\t\t\t\t\t<\/div>\n\t\t\t\t<\/div>\n\t\t\t\t<\/div>\n\t\t<div class=\"elementor-element elementor-element-4c1e0e6 e-flex e-con-boxed e-con e-parent\" data-id=\"4c1e0e6\" data-element_type=\"container\">\n\t\t\t\t\t<div class=\"e-con-inner\">\n\t\t<div class=\"elementor-element elementor-element-24b4c3a e-con-full e-flex e-con e-child\" data-id=\"24b4c3a\" data-element_type=\"container\">\n\t\t<div class=\"elementor-element elementor-element-a2944fc e-con-full e-flex e-con e-child\" data-id=\"a2944fc\" data-element_type=\"container\">\n\t\t\t\t<div class=\"elementor-element elementor-element-b83cca4 elementor-widget elementor-widget-image\" data-id=\"b83cca4\" data-element_type=\"widget\" data-widget_type=\"image.default\">\n\t\t\t\t\t\t\t\t\t\t\t\t\t\t\t<img fetchpriority=\"high\" decoding=\"async\" width=\"768\" height=\"886\" src=\"https:\/\/gcia.cl\/wp-content\/uploads\/2025\/11\/bg-servicios.jpg\" class=\"attachment-large size-large wp-image-6961\" alt=\"\" srcset=\"https:\/\/gcia.cl\/wp-content\/uploads\/2025\/11\/bg-servicios.jpg 768w, https:\/\/gcia.cl\/wp-content\/uploads\/2025\/11\/bg-servicios-260x300.jpg 260w\" sizes=\"(max-width: 768px) 100vw, 768px\" \/>\t\t\t\t\t\t\t\t\t\t\t\t\t\t\t<\/div>\n\t\t\t\t<\/div>\n\t\t<div class=\"elementor-element elementor-element-8a04403 e-con-full e-flex e-con e-child\" data-id=\"8a04403\" data-element_type=\"container\">\n\t\t\t\t<div class=\"elementor-element elementor-element-f48a1a5 elementor-widget elementor-widget-n-accordion\" data-id=\"f48a1a5\" data-element_type=\"widget\" data-settings=\"{&quot;default_state&quot;:&quot;expanded&quot;,&quot;max_items_expended&quot;:&quot;one&quot;,&quot;n_accordion_animation_duration&quot;:{&quot;unit&quot;:&quot;ms&quot;,&quot;size&quot;:400,&quot;sizes&quot;:[]}}\" data-widget_type=\"nested-accordion.default\">\n\t\t\t\t\t\t\t<div class=\"e-n-accordion\" aria-label=\"Accordion. Open links with Enter or Space, close with Escape, and navigate with Arrow Keys\">\n\t\t\t\t\t\t<details id=\"e-n-accordion-item-2560\" class=\"e-n-accordion-item\" open>\n\t\t\t\t<summary class=\"e-n-accordion-item-title\" data-accordion-index=\"1\" tabindex=\"0\" aria-expanded=\"true\" aria-controls=\"e-n-accordion-item-2560\" >\n\t\t\t\t\t<span class='e-n-accordion-item-title-header'><div class=\"e-n-accordion-item-title-text\"> Investment Structuring <\/div><\/span>\n\t\t\t\t\t\t\t<span class='e-n-accordion-item-title-icon'>\n\t\t\t<span class='e-opened' ><i aria-hidden=\"true\" class=\"fas fa-minus\"><\/i><\/span>\n\t\t\t<span class='e-closed'><i aria-hidden=\"true\" class=\"fas fa-plus\"><\/i><\/span>\n\t\t<\/span>\n\n\t\t\t\t\t\t<\/summary>\n\t\t\t\t<div role=\"region\" aria-labelledby=\"e-n-accordion-item-2560\" class=\"elementor-element elementor-element-75476d6 e-con-full e-flex e-con e-child\" data-id=\"75476d6\" data-element_type=\"container\">\n\t\t\t\t<div class=\"elementor-element elementor-element-a34063f elementor-widget elementor-widget-text-editor\" data-id=\"a34063f\" data-element_type=\"widget\" data-widget_type=\"text-editor.default\">\n\t\t\t\t\t\t\t\t\t<p>We design <strong>sophisticated legal and tax structures<\/strong> que permiten a nuestros clientes invertir en el extranjero y desde el extranjero de manera segura y eficiente.<\/p>\t\t\t\t\t\t\t\t<\/div>\n\t\t\t\t<\/div>\n\t\t\t\t\t<\/details>\n\t\t\t\t\t\t<details id=\"e-n-accordion-item-2561\" class=\"e-n-accordion-item\" >\n\t\t\t\t<summary class=\"e-n-accordion-item-title\" data-accordion-index=\"2\" tabindex=\"-1\" aria-expanded=\"false\" aria-controls=\"e-n-accordion-item-2561\" >\n\t\t\t\t\t<span class='e-n-accordion-item-title-header'><div class=\"e-n-accordion-item-title-text\"> International Coordination <\/div><\/span>\n\t\t\t\t\t\t\t<span class='e-n-accordion-item-title-icon'>\n\t\t\t<span class='e-opened' ><i aria-hidden=\"true\" class=\"fas fa-minus\"><\/i><\/span>\n\t\t\t<span class='e-closed'><i aria-hidden=\"true\" class=\"fas fa-plus\"><\/i><\/span>\n\t\t<\/span>\n\n\t\t\t\t\t\t<\/summary>\n\t\t\t\t<div role=\"region\" aria-labelledby=\"e-n-accordion-item-2561\" class=\"elementor-element elementor-element-de9b02b e-con-full e-flex e-con e-child\" data-id=\"de9b02b\" data-element_type=\"container\">\n\t\t\t\t<div class=\"elementor-element elementor-element-f4daf11 elementor-widget elementor-widget-text-editor\" data-id=\"f4daf11\" data-element_type=\"widget\" data-widget_type=\"text-editor.default\">\n\t\t\t\t\t\t\t\t\t<p>We work jointly with <strong>attorneys, accountants, and advisors abroad<\/strong>, ensuring a synchronized approach adapted to each jurisdiction.<\/p>\t\t\t\t\t\t\t\t<\/div>\n\t\t\t\t<\/div>\n\t\t\t\t\t<\/details>\n\t\t\t\t\t\t<details id=\"e-n-accordion-item-2562\" class=\"e-n-accordion-item\" >\n\t\t\t\t<summary class=\"e-n-accordion-item-title\" data-accordion-index=\"3\" tabindex=\"-1\" aria-expanded=\"false\" aria-controls=\"e-n-accordion-item-2562\" >\n\t\t\t\t\t<span class='e-n-accordion-item-title-header'><div class=\"e-n-accordion-item-title-text\"> Creative Solutions <\/div><\/span>\n\t\t\t\t\t\t\t<span class='e-n-accordion-item-title-icon'>\n\t\t\t<span class='e-opened' ><i aria-hidden=\"true\" class=\"fas fa-minus\"><\/i><\/span>\n\t\t\t<span class='e-closed'><i aria-hidden=\"true\" class=\"fas fa-plus\"><\/i><\/span>\n\t\t<\/span>\n\n\t\t\t\t\t\t<\/summary>\n\t\t\t\t<div role=\"region\" aria-labelledby=\"e-n-accordion-item-2562\" class=\"elementor-element elementor-element-9e3e726 e-con-full e-flex e-con e-child\" data-id=\"9e3e726\" data-element_type=\"container\">\n\t\t\t\t<div class=\"elementor-element elementor-element-af78075 elementor-widget elementor-widget-text-editor\" data-id=\"af78075\" data-element_type=\"widget\" data-widget_type=\"text-editor.default\">\n\t\t\t\t\t\t\t\t\t<p>We propose <strong>innovative and flexible strategies<\/strong>, adjusted to the specific needs of each client and the demands of international markets.<\/p>\t\t\t\t\t\t\t\t<\/div>\n\t\t\t\t<\/div>\n\t\t\t\t\t<\/details>\n\t\t\t\t\t\t<details id=\"e-n-accordion-item-2563\" class=\"e-n-accordion-item\" >\n\t\t\t\t<summary class=\"e-n-accordion-item-title\" data-accordion-index=\"4\" tabindex=\"-1\" aria-expanded=\"false\" aria-controls=\"e-n-accordion-item-2563\" >\n\t\t\t\t\t<span class='e-n-accordion-item-title-header'><div class=\"e-n-accordion-item-title-text\"> Experience and Backing <\/div><\/span>\n\t\t\t\t\t\t\t<span class='e-n-accordion-item-title-icon'>\n\t\t\t<span class='e-opened' ><i aria-hidden=\"true\" class=\"fas fa-minus\"><\/i><\/span>\n\t\t\t<span class='e-closed'><i aria-hidden=\"true\" class=\"fas fa-plus\"><\/i><\/span>\n\t\t<\/span>\n\n\t\t\t\t\t\t<\/summary>\n\t\t\t\t<div role=\"region\" aria-labelledby=\"e-n-accordion-item-2563\" class=\"elementor-element elementor-element-74d84af e-con-full e-flex e-con e-child\" data-id=\"74d84af\" data-element_type=\"container\">\n\t\t\t\t<div class=\"elementor-element elementor-element-35ee0cc elementor-widget elementor-widget-text-editor\" data-id=\"35ee0cc\" data-element_type=\"widget\" data-widget_type=\"text-editor.default\">\n\t\t\t\t\t\t\t\t\t<p>Our trajectory in <strong>international advisory<\/strong> allows us to anticipate risks and offer reliable support at every stage of the investment process.<\/p>\t\t\t\t\t\t\t\t<\/div>\n\t\t\t\t<\/div>\n\t\t\t\t\t<\/details>\n\t\t\t\t\t<\/div>\n\t\t\t\t\t\t<\/div>\n\t\t\t\t<\/div>\n\t\t\t\t<\/div>\n\t\t\t\t\t<\/div>\n\t\t\t\t<\/div>\n\t\t\t\t<\/div>","protected":false},"excerpt":{"rendered":"<p>Asesor\u00eda Internacional Con una visi\u00f3n global, Estudio Guzm\u00e1n asesora tanto a clientes chilenos en sus inversiones en el extranjero, como a inversionistas extranjeros que quieren invertir y hacer negocios en Chile. dise\u00f1ando estructuras legales y tributarias que garantizan seguridad y eficiencia. Cont\u00e1ctanos Estructuraci\u00f3n de inversiones Dise\u00f1amos estructuras jur\u00eddicas y tributarias sofisticadas que permiten a nuestros [&hellip;]<\/p>","protected":false},"author":1,"featured_media":0,"parent":0,"menu_order":0,"comment_status":"closed","ping_status":"closed","template":"","meta":{"_acf_changed":false,"footnotes":""},"class_list":["post-6976","page","type-page","status-publish","hentry"],"acf":[],"yoast_head":"<!-- This site is optimized with the Yoast SEO plugin v25.1 - https:\/\/yoast.com\/wordpress\/plugins\/seo\/ -->\n<title>Asesor\u00eda Internacional - Estudio Guzman<\/title>\n<meta name=\"robots\" content=\"index, follow, max-snippet:-1, max-image-preview:large, max-video-preview:-1\" \/>\n<link rel=\"canonical\" href=\"https:\/\/gcia.cl\/en\/asesoria-internacional\/\" \/>\n<meta property=\"og:locale\" content=\"en_US\" \/>\n<meta property=\"og:type\" content=\"article\" \/>\n<meta property=\"og:title\" content=\"Asesor\u00eda Internacional - Estudio Guzman\" \/>\n<meta property=\"og:description\" content=\"Asesor\u00eda Internacional Con una visi\u00f3n global, Estudio Guzm\u00e1n asesora tanto a clientes chilenos en sus inversiones en el extranjero, como a inversionistas extranjeros que quieren invertir y hacer negocios en Chile. dise\u00f1ando estructuras legales y tributarias que garantizan seguridad y eficiencia. Cont\u00e1ctanos Estructuraci\u00f3n de inversiones Dise\u00f1amos estructuras jur\u00eddicas y tributarias sofisticadas que permiten a nuestros [&hellip;]\" \/>\n<meta property=\"og:url\" content=\"https:\/\/gcia.cl\/en\/asesoria-internacional\/\" \/>\n<meta property=\"og:site_name\" content=\"Estudio Guzman\" \/>\n<meta property=\"article:modified_time\" content=\"2026-01-06T17:21:55+00:00\" \/>\n<meta property=\"og:image\" content=\"https:\/\/gcia.cl\/wp-content\/uploads\/2025\/11\/bg-servicios.jpg\" \/>\n\t<meta property=\"og:image:width\" content=\"768\" \/>\n\t<meta property=\"og:image:height\" content=\"886\" \/>\n\t<meta property=\"og:image:type\" content=\"image\/jpeg\" \/>\n<meta name=\"twitter:card\" content=\"summary_large_image\" \/>\n<meta name=\"twitter:label1\" content=\"Est. reading time\" \/>\n\t<meta name=\"twitter:data1\" content=\"1 minute\" \/>\n<script type=\"application\/ld+json\" class=\"yoast-schema-graph\">{\"@context\":\"https:\/\/schema.org\",\"@graph\":[{\"@type\":\"WebPage\",\"@id\":\"https:\/\/gcia.cl\/asesoria-internacional\/\",\"url\":\"https:\/\/gcia.cl\/asesoria-internacional\/\",\"name\":\"Asesor\u00eda Internacional - Estudio Guzman\",\"isPartOf\":{\"@id\":\"https:\/\/gcia.cl\/#website\"},\"primaryImageOfPage\":{\"@id\":\"https:\/\/gcia.cl\/asesoria-internacional\/#primaryimage\"},\"image\":{\"@id\":\"https:\/\/gcia.cl\/asesoria-internacional\/#primaryimage\"},\"thumbnailUrl\":\"https:\/\/gcia.cl\/wp-content\/uploads\/2025\/11\/bg-servicios.jpg\",\"datePublished\":\"2025-11-04T13:46:01+00:00\",\"dateModified\":\"2026-01-06T17:21:55+00:00\",\"breadcrumb\":{\"@id\":\"https:\/\/gcia.cl\/asesoria-internacional\/#breadcrumb\"},\"inLanguage\":\"en-US\",\"potentialAction\":[{\"@type\":\"ReadAction\",\"target\":[\"https:\/\/gcia.cl\/asesoria-internacional\/\"]}]},{\"@type\":\"ImageObject\",\"inLanguage\":\"en-US\",\"@id\":\"https:\/\/gcia.cl\/asesoria-internacional\/#primaryimage\",\"url\":\"https:\/\/gcia.cl\/wp-content\/uploads\/2025\/11\/bg-servicios.jpg\",\"contentUrl\":\"https:\/\/gcia.cl\/wp-content\/uploads\/2025\/11\/bg-servicios.jpg\"},{\"@type\":\"BreadcrumbList\",\"@id\":\"https:\/\/gcia.cl\/asesoria-internacional\/#breadcrumb\",\"itemListElement\":[{\"@type\":\"ListItem\",\"position\":1,\"name\":\"Portada\",\"item\":\"https:\/\/gcia.cl\/\"},{\"@type\":\"ListItem\",\"position\":2,\"name\":\"Asesor\u00eda Internacional\"}]},{\"@type\":\"WebSite\",\"@id\":\"https:\/\/gcia.cl\/#website\",\"url\":\"https:\/\/gcia.cl\/\",\"name\":\"Estudio Guzman\",\"description\":\"Asesor\u00eda legal de excelencia para decisiones estrat\u00e9gicas\",\"potentialAction\":[{\"@type\":\"SearchAction\",\"target\":{\"@type\":\"EntryPoint\",\"urlTemplate\":\"https:\/\/gcia.cl\/?s={search_term_string}\"},\"query-input\":{\"@type\":\"PropertyValueSpecification\",\"valueRequired\":true,\"valueName\":\"search_term_string\"}}],\"inLanguage\":\"en-US\"}]}<\/script>\n<!-- \/ Yoast SEO plugin. -->","yoast_head_json":{"title":"Asesor\u00eda Internacional - Estudio Guzman","robots":{"index":"index","follow":"follow","max-snippet":"max-snippet:-1","max-image-preview":"max-image-preview:large","max-video-preview":"max-video-preview:-1"},"canonical":"https:\/\/gcia.cl\/en\/asesoria-internacional\/","og_locale":"en_US","og_type":"article","og_title":"Asesor\u00eda Internacional - Estudio Guzman","og_description":"Asesor\u00eda Internacional Con una visi\u00f3n global, Estudio Guzm\u00e1n asesora tanto a clientes chilenos en sus inversiones en el extranjero, como a inversionistas extranjeros que quieren invertir y hacer negocios en Chile. dise\u00f1ando estructuras legales y tributarias que garantizan seguridad y eficiencia. Cont\u00e1ctanos Estructuraci\u00f3n de inversiones Dise\u00f1amos estructuras jur\u00eddicas y tributarias sofisticadas que permiten a nuestros [&hellip;]","og_url":"https:\/\/gcia.cl\/en\/asesoria-internacional\/","og_site_name":"Estudio Guzman","article_modified_time":"2026-01-06T17:21:55+00:00","og_image":[{"width":768,"height":886,"url":"https:\/\/gcia.cl\/wp-content\/uploads\/2025\/11\/bg-servicios.jpg","type":"image\/jpeg"}],"twitter_card":"summary_large_image","twitter_misc":{"Est. reading time":"1 minute"},"schema":{"@context":"https:\/\/schema.org","@graph":[{"@type":"WebPage","@id":"https:\/\/gcia.cl\/asesoria-internacional\/","url":"https:\/\/gcia.cl\/asesoria-internacional\/","name":"Asesor\u00eda Internacional - Estudio Guzman","isPartOf":{"@id":"https:\/\/gcia.cl\/#website"},"primaryImageOfPage":{"@id":"https:\/\/gcia.cl\/asesoria-internacional\/#primaryimage"},"image":{"@id":"https:\/\/gcia.cl\/asesoria-internacional\/#primaryimage"},"thumbnailUrl":"https:\/\/gcia.cl\/wp-content\/uploads\/2025\/11\/bg-servicios.jpg","datePublished":"2025-11-04T13:46:01+00:00","dateModified":"2026-01-06T17:21:55+00:00","breadcrumb":{"@id":"https:\/\/gcia.cl\/asesoria-internacional\/#breadcrumb"},"inLanguage":"en-US","potentialAction":[{"@type":"ReadAction","target":["https:\/\/gcia.cl\/asesoria-internacional\/"]}]},{"@type":"ImageObject","inLanguage":"en-US","@id":"https:\/\/gcia.cl\/asesoria-internacional\/#primaryimage","url":"https:\/\/gcia.cl\/wp-content\/uploads\/2025\/11\/bg-servicios.jpg","contentUrl":"https:\/\/gcia.cl\/wp-content\/uploads\/2025\/11\/bg-servicios.jpg"},{"@type":"BreadcrumbList","@id":"https:\/\/gcia.cl\/asesoria-internacional\/#breadcrumb","itemListElement":[{"@type":"ListItem","position":1,"name":"Portada","item":"https:\/\/gcia.cl\/"},{"@type":"ListItem","position":2,"name":"Asesor\u00eda Internacional"}]},{"@type":"WebSite","@id":"https:\/\/gcia.cl\/#website","url":"https:\/\/gcia.cl\/","name":"Estudio Guzman","description":"Asesor\u00eda legal de excelencia para decisiones estrat\u00e9gicas","potentialAction":[{"@type":"SearchAction","target":{"@type":"EntryPoint","urlTemplate":"https:\/\/gcia.cl\/?s={search_term_string}"},"query-input":{"@type":"PropertyValueSpecification","valueRequired":true,"valueName":"search_term_string"}}],"inLanguage":"en-US"}]}},"_links":{"self":[{"href":"https:\/\/gcia.cl\/en\/wp-json\/wp\/v2\/pages\/6976","targetHints":{"allow":["GET"]}}],"collection":[{"href":"https:\/\/gcia.cl\/en\/wp-json\/wp\/v2\/pages"}],"about":[{"href":"https:\/\/gcia.cl\/en\/wp-json\/wp\/v2\/types\/page"}],"author":[{"embeddable":true,"href":"https:\/\/gcia.cl\/en\/wp-json\/wp\/v2\/users\/1"}],"replies":[{"embeddable":true,"href":"https:\/\/gcia.cl\/en\/wp-json\/wp\/v2\/comments?post=6976"}],"version-history":[{"count":25,"href":"https:\/\/gcia.cl\/en\/wp-json\/wp\/v2\/pages\/6976\/revisions"}],"predecessor-version":[{"id":8214,"href":"https:\/\/gcia.cl\/en\/wp-json\/wp\/v2\/pages\/6976\/revisions\/8214"}],"wp:attachment":[{"href":"https:\/\/gcia.cl\/en\/wp-json\/wp\/v2\/media?parent=6976"}],"curies":[{"name":"wp","href":"https:\/\/api.w.org\/{rel}","templated":true}]}}